{"id":27136,"date":"2022-09-28T11:48:21","date_gmt":"2022-09-28T09:48:21","guid":{"rendered":"https:\/\/art-architekci.home.pl\/autoinstalator\/wordpress1\/?page_id=27136"},"modified":"2025-06-06T15:14:41","modified_gmt":"2025-06-06T13:14:41","slug":"redlowo","status":"publish","type":"page","link":"https:\/\/art-architekci.pl\/?page_id=27136","title":{"rendered":"WILLA RED\u0141OWO"},"content":{"rendered":"\t\t<div data-elementor-type=\"wp-page\" data-elementor-id=\"27136\" class=\"elementor elementor-27136\">\n\t\t\t\t\t\t\t\t\t<section class=\"elementor-section elementor-top-section elementor-element elementor-element-30c0715 elementor-section-content-top elementor-section-boxed elementor-section-height-default elementor-section-height-default\" data-id=\"30c0715\" data-element_type=\"section\">\n\t\t\t\t\t\t<div class=\"elementor-container elementor-column-gap-no\">\n\t\t\t\t\t<div class=\"elementor-column elementor-col-33 elementor-top-column elementor-element elementor-element-77cd5d6\" data-id=\"77cd5d6\" data-element_type=\"column\">\n\t\t\t<div class=\"elementor-widget-wrap elementor-element-populated\">\n\t\t\t\t\t\t\t\t<div class=\"elementor-element elementor-element-137c186 animated-slow elementor-invisible elementor-widget elementor-widget-heading\" data-id=\"137c186\" data-element_type=\"widget\" data-settings=\"{&quot;_animation&quot;:&quot;fadeInRight&quot;,&quot;_animation_delay&quot;:100}\" data-widget_type=\"heading.default\">\n\t\t\t\t<div class=\"elementor-widget-container\">\n\t\t\t<style>\/*! elementor - v3.13.2 - 11-05-2023 *\/\n.elementor-heading-title{padding:0;margin:0;line-height:1}.elementor-widget-heading .elementor-heading-title[class*=elementor-size-]>a{color:inherit;font-size:inherit;line-height:inherit}.elementor-widget-heading .elementor-heading-title.elementor-size-small{font-size:15px}.elementor-widget-heading .elementor-heading-title.elementor-size-medium{font-size:19px}.elementor-widget-heading .elementor-heading-title.elementor-size-large{font-size:29px}.elementor-widget-heading .elementor-heading-title.elementor-size-xl{font-size:39px}.elementor-widget-heading .elementor-heading-title.elementor-size-xxl{font-size:59px}<\/style><h2 class=\"elementor-heading-title elementor-size-default\">WILLA RED\u0141OWO<\/h2>\t\t<\/div>\n\t\t\t\t<\/div>\n\t\t\t\t<div class=\"elementor-element elementor-element-0a5a8d2 elementor-widget elementor-widget-text-editor\" data-id=\"0a5a8d2\" data-element_type=\"widget\" data-widget_type=\"text-editor.default\">\n\t\t\t\t<div class=\"elementor-widget-container\">\n\t\t\t<style>\/*! elementor - v3.13.2 - 11-05-2023 *\/\n.elementor-widget-text-editor.elementor-drop-cap-view-stacked .elementor-drop-cap{background-color:#69727d;color:#fff}.elementor-widget-text-editor.elementor-drop-cap-view-framed .elementor-drop-cap{color:#69727d;border:3px solid;background-color:transparent}.elementor-widget-text-editor:not(.elementor-drop-cap-view-default) .elementor-drop-cap{margin-top:8px}.elementor-widget-text-editor:not(.elementor-drop-cap-view-default) .elementor-drop-cap-letter{width:1em;height:1em}.elementor-widget-text-editor .elementor-drop-cap{float:left;text-align:center;line-height:1;font-size:50px}.elementor-widget-text-editor .elementor-drop-cap-letter{display:inline-block}<\/style>\t\t\t\t<p>Kategoria<\/p>\t\t\t\t\t\t<\/div>\n\t\t\t\t<\/div>\n\t\t\t\t<div class=\"elementor-element elementor-element-5dcce1b elementor-widget elementor-widget-text-editor\" data-id=\"5dcce1b\" data-element_type=\"widget\" data-widget_type=\"text-editor.default\">\n\t\t\t\t<div class=\"elementor-widget-container\">\n\t\t\t\t\t\t\t<p><span style=\"font-size: 14px; background-color: #ffffff;\">BUDYNEK MIESZKALNO-US\u0141UGOWY<\/span><\/p>\t\t\t\t\t\t<\/div>\n\t\t\t\t<\/div>\n\t\t\t\t<div class=\"elementor-element elementor-element-f956547 elementor-widget elementor-widget-text-editor\" data-id=\"f956547\" data-element_type=\"widget\" data-widget_type=\"text-editor.default\">\n\t\t\t\t<div class=\"elementor-widget-container\">\n\t\t\t\t\t\t\t<p>Projekt<\/p>\t\t\t\t\t\t<\/div>\n\t\t\t\t<\/div>\n\t\t\t\t<div class=\"elementor-element elementor-element-15406be elementor-widget elementor-widget-text-editor\" data-id=\"15406be\" data-element_type=\"widget\" data-widget_type=\"text-editor.default\">\n\t\t\t\t<div class=\"elementor-widget-container\">\n\t\t\t\t\t\t\t<p>2019-2020<\/p>\t\t\t\t\t\t<\/div>\n\t\t\t\t<\/div>\n\t\t\t\t<div class=\"elementor-element elementor-element-4e3eea2 elementor-widget elementor-widget-text-editor\" data-id=\"4e3eea2\" data-element_type=\"widget\" data-widget_type=\"text-editor.default\">\n\t\t\t\t<div class=\"elementor-widget-container\">\n\t\t\t\t\t\t\t<p>Realizacja<\/p>\t\t\t\t\t\t<\/div>\n\t\t\t\t<\/div>\n\t\t\t\t<div class=\"elementor-element elementor-element-4a9e9a5 elementor-widget elementor-widget-text-editor\" data-id=\"4a9e9a5\" data-element_type=\"widget\" data-widget_type=\"text-editor.default\">\n\t\t\t\t<div class=\"elementor-widget-container\">\n\t\t\t\t\t\t\t<p>2021-2022<\/p>\t\t\t\t\t\t<\/div>\n\t\t\t\t<\/div>\n\t\t\t\t<div class=\"elementor-element elementor-element-35dcf51 elementor-widget elementor-widget-text-editor\" data-id=\"35dcf51\" data-element_type=\"widget\" data-widget_type=\"text-editor.default\">\n\t\t\t\t<div class=\"elementor-widget-container\">\n\t\t\t\t\t\t\t<p>Oddanie do u\u017cytkowania<\/p>\t\t\t\t\t\t<\/div>\n\t\t\t\t<\/div>\n\t\t\t\t<div class=\"elementor-element elementor-element-074aefd elementor-widget elementor-widget-text-editor\" data-id=\"074aefd\" data-element_type=\"widget\" data-widget_type=\"text-editor.default\">\n\t\t\t\t<div class=\"elementor-widget-container\">\n\t\t\t\t\t\t\t<p>2022<\/p>\t\t\t\t\t\t<\/div>\n\t\t\t\t<\/div>\n\t\t\t\t<div class=\"elementor-element elementor-element-aa3945a elementor-widget elementor-widget-text-editor\" data-id=\"aa3945a\" data-element_type=\"widget\" data-widget_type=\"text-editor.default\">\n\t\t\t\t<div class=\"elementor-widget-container\">\n\t\t\t\t\t\t\t<p>Lokalizacja<\/p>\t\t\t\t\t\t<\/div>\n\t\t\t\t<\/div>\n\t\t\t\t<div class=\"elementor-element elementor-element-adf066b elementor-widget elementor-widget-text-editor\" data-id=\"adf066b\" data-element_type=\"widget\" data-widget_type=\"text-editor.default\">\n\t\t\t\t<div class=\"elementor-widget-container\">\n\t\t\t\t\t\t\t<p>ul. Powstania Styczniowego w Gdyni<\/p>\t\t\t\t\t\t<\/div>\n\t\t\t\t<\/div>\n\t\t\t\t<div class=\"elementor-element elementor-element-0eb7459 elementor-widget elementor-widget-text-editor\" data-id=\"0eb7459\" data-element_type=\"widget\" data-widget_type=\"text-editor.default\">\n\t\t\t\t<div class=\"elementor-widget-container\">\n\t\t\t\t\t\t\t<p>Inwestor<\/p>\t\t\t\t\t\t<\/div>\n\t\t\t\t<\/div>\n\t\t\t\t<div class=\"elementor-element elementor-element-1f76a68 elementor-widget elementor-widget-text-editor\" data-id=\"1f76a68\" data-element_type=\"widget\" data-widget_type=\"text-editor.default\">\n\t\t\t\t<div class=\"elementor-widget-container\">\n\t\t\t\t\t\t\t<p>Ekolan S.A.<\/p>\t\t\t\t\t\t<\/div>\n\t\t\t\t<\/div>\n\t\t\t\t<div class=\"elementor-element elementor-element-5e3bdb7 elementor-widget elementor-widget-text-editor\" data-id=\"5e3bdb7\" data-element_type=\"widget\" data-widget_type=\"text-editor.default\">\n\t\t\t\t<div class=\"elementor-widget-container\">\n\t\t\t\t\t\t\t<p>Liczba mieszka\u0144<\/p>\t\t\t\t\t\t<\/div>\n\t\t\t\t<\/div>\n\t\t\t\t<div class=\"elementor-element elementor-element-25e0c21 elementor-widget elementor-widget-text-editor\" data-id=\"25e0c21\" data-element_type=\"widget\" data-widget_type=\"text-editor.default\">\n\t\t\t\t<div class=\"elementor-widget-container\">\n\t\t\t\t\t\t\t<p>20<\/p>\t\t\t\t\t\t<\/div>\n\t\t\t\t<\/div>\n\t\t\t\t<div class=\"elementor-element elementor-element-66a3142 elementor-widget elementor-widget-text-editor\" data-id=\"66a3142\" data-element_type=\"widget\" data-widget_type=\"text-editor.default\">\n\t\t\t\t<div class=\"elementor-widget-container\">\n\t\t\t\t\t\t\t<p>Powierzchnia<\/p>\t\t\t\t\t\t<\/div>\n\t\t\t\t<\/div>\n\t\t\t\t<div class=\"elementor-element elementor-element-72293d0 elementor-widget elementor-widget-text-editor\" data-id=\"72293d0\" data-element_type=\"widget\" data-widget_type=\"text-editor.default\">\n\t\t\t\t<div class=\"elementor-widget-container\">\n\t\t\t\t\t\t\t<p>Powierzchnia dzia\u0142ki: 0,14 ha<br \/>Powierzchnia u\u017cytkowa mieszka\u0144: 818 m\u00b2<br \/>Powierzchnia lokali us\u0142ugowych: 254 m\u00b2<\/p><p>\u00a0<\/p>\t\t\t\t\t\t<\/div>\n\t\t\t\t<\/div>\n\t\t\t\t\t<\/div>\n\t\t<\/div>\n\t\t\t\t<div class=\"elementor-column elementor-col-66 elementor-top-column elementor-element elementor-element-b3547cd\" data-id=\"b3547cd\" data-element_type=\"column\">\n\t\t\t<div class=\"elementor-widget-wrap elementor-element-populated\">\n\t\t\t\t\t\t\t\t<div class=\"elementor-element elementor-element-b260b21 elementor-arrows-position-inside elementor-pagination-position-outside elementor-widget elementor-widget-image-carousel\" data-id=\"b260b21\" data-element_type=\"widget\" data-settings=\"{&quot;slides_to_show&quot;:&quot;1&quot;,&quot;autoplay_speed&quot;:4000,&quot;speed&quot;:1000,&quot;pause_on_hover&quot;:&quot;no&quot;,&quot;pause_on_interaction&quot;:&quot;no&quot;,&quot;navigation&quot;:&quot;both&quot;,&quot;autoplay&quot;:&quot;yes&quot;,&quot;infinite&quot;:&quot;yes&quot;,&quot;effect&quot;:&quot;slide&quot;}\" data-widget_type=\"image-carousel.default\">\n\t\t\t\t<div class=\"elementor-widget-container\">\n\t\t\t<style>\/*! elementor - v3.13.2 - 11-05-2023 *\/\n.elementor-widget-image-carousel .swiper,.elementor-widget-image-carousel .swiper-container{position:static}.elementor-widget-image-carousel .swiper-container .swiper-slide figure,.elementor-widget-image-carousel .swiper .swiper-slide figure{line-height:inherit}.elementor-widget-image-carousel .swiper-slide{text-align:center}.elementor-image-carousel-wrapper:not(.swiper-container-initialized):not(.swiper-initialized) .swiper-slide{max-width:calc(100% \/ var(--e-image-carousel-slides-to-show, 3))}<\/style>\t\t<div class=\"elementor-image-carousel-wrapper swiper-container\" dir=\"ltr\">\n\t\t\t<div class=\"elementor-image-carousel swiper-wrapper\">\n\t\t\t\t\t\t\t\t<div class=\"swiper-slide\"><a data-elementor-open-lightbox=\"yes\" data-elementor-lightbox-slideshow=\"b260b21\" data-elementor-lightbox-title=\"Willa Red\u0142owska\" data-e-action-hash=\"#elementor-action%3Aaction%3Dlightbox%26settings%3DeyJpZCI6MjkyMDIsInVybCI6Imh0dHBzOlwvXC9hcnQtYXJjaGl0ZWtjaS5wbFwvd3AtY29udGVudFwvdXBsb2Fkc1wvMjAyNVwvMDZcL2Vrb2xhbl93aWxsYV9yZWRsb3dvXzAwMV80NjI3LmpwZyIsInNsaWRlc2hvdyI6ImIyNjBiMjEifQ%3D%3D\" href=\"https:\/\/art-architekci.pl\/wp-content\/uploads\/2025\/06\/ekolan_willa_redlowo_001_4627.jpg\"><figure class=\"swiper-slide-inner\"><img decoding=\"async\" class=\"swiper-slide-image\" src=\"https:\/\/art-architekci.pl\/wp-content\/uploads\/2025\/06\/ekolan_willa_redlowo_001_4627-1024x683.jpg\" alt=\"photos: Katarzyna Seliga-Wr\u00f3blewska, Marcin Wr\u00f3blewski \/ Fotomohito\nclient: Ekolan\" \/><\/figure><\/a><\/div><div class=\"swiper-slide\"><a data-elementor-open-lightbox=\"yes\" data-elementor-lightbox-slideshow=\"b260b21\" data-elementor-lightbox-title=\"Willa Red\u0142owska\" data-e-action-hash=\"#elementor-action%3Aaction%3Dlightbox%26settings%3DeyJpZCI6MjkyMDYsInVybCI6Imh0dHBzOlwvXC9hcnQtYXJjaGl0ZWtjaS5wbFwvd3AtY29udGVudFwvdXBsb2Fkc1wvMjAyNVwvMDZcL2Vrb2xhbl93aWxsYV9yZWRsb3dvXzAwOV80NTk1LmpwZyIsInNsaWRlc2hvdyI6ImIyNjBiMjEifQ%3D%3D\" href=\"https:\/\/art-architekci.pl\/wp-content\/uploads\/2025\/06\/ekolan_willa_redlowo_009_4595.jpg\"><figure class=\"swiper-slide-inner\"><img decoding=\"async\" class=\"swiper-slide-image\" src=\"https:\/\/art-architekci.pl\/wp-content\/uploads\/2025\/06\/ekolan_willa_redlowo_009_4595-1024x683.jpg\" alt=\"photos: Katarzyna Seliga-Wr\u00f3blewska, Marcin Wr\u00f3blewski \/ Fotomohito\rclient: Ekolan\" \/><\/figure><\/a><\/div><div class=\"swiper-slide\"><a data-elementor-open-lightbox=\"yes\" data-elementor-lightbox-slideshow=\"b260b21\" data-elementor-lightbox-title=\"Willa Red\u0142owska\" data-e-action-hash=\"#elementor-action%3Aaction%3Dlightbox%26settings%3DeyJpZCI6MjkyMDQsInVybCI6Imh0dHBzOlwvXC9hcnQtYXJjaGl0ZWtjaS5wbFwvd3AtY29udGVudFwvdXBsb2Fkc1wvMjAyNVwvMDZcL2Vrb2xhbl93aWxsYV9yZWRsb3dvXzAwM180NTkyLmpwZyIsInNsaWRlc2hvdyI6ImIyNjBiMjEifQ%3D%3D\" href=\"https:\/\/art-architekci.pl\/wp-content\/uploads\/2025\/06\/ekolan_willa_redlowo_003_4592.jpg\"><figure class=\"swiper-slide-inner\"><img decoding=\"async\" class=\"swiper-slide-image\" src=\"https:\/\/art-architekci.pl\/wp-content\/uploads\/2025\/06\/ekolan_willa_redlowo_003_4592-1024x683.jpg\" alt=\"photos: Katarzyna Seliga-Wr\u00f3blewska, Marcin Wr\u00f3blewski \/ Fotomohito\rclient: Ekolan\" \/><\/figure><\/a><\/div><div class=\"swiper-slide\"><a data-elementor-open-lightbox=\"yes\" data-elementor-lightbox-slideshow=\"b260b21\" data-elementor-lightbox-title=\"Willa Red\u0142owska\" data-e-action-hash=\"#elementor-action%3Aaction%3Dlightbox%26settings%3DeyJpZCI6MjkyMDUsInVybCI6Imh0dHBzOlwvXC9hcnQtYXJjaGl0ZWtjaS5wbFwvd3AtY29udGVudFwvdXBsb2Fkc1wvMjAyNVwvMDZcL2Vrb2xhbl93aWxsYV9yZWRsb3dvXzAwNl80NTgxLmpwZyIsInNsaWRlc2hvdyI6ImIyNjBiMjEifQ%3D%3D\" href=\"https:\/\/art-architekci.pl\/wp-content\/uploads\/2025\/06\/ekolan_willa_redlowo_006_4581.jpg\"><figure class=\"swiper-slide-inner\"><img decoding=\"async\" class=\"swiper-slide-image\" src=\"https:\/\/art-architekci.pl\/wp-content\/uploads\/2025\/06\/ekolan_willa_redlowo_006_4581-1024x683.jpg\" alt=\"photos: Katarzyna Seliga-Wr\u00f3blewska, Marcin Wr\u00f3blewski \/ Fotomohito\rclient: Ekolan\" \/><\/figure><\/a><\/div><div class=\"swiper-slide\"><a data-elementor-open-lightbox=\"yes\" data-elementor-lightbox-slideshow=\"b260b21\" data-elementor-lightbox-title=\"Willa Red\u0142owska\" data-e-action-hash=\"#elementor-action%3Aaction%3Dlightbox%26settings%3DeyJpZCI6MjkyMDMsInVybCI6Imh0dHBzOlwvXC9hcnQtYXJjaGl0ZWtjaS5wbFwvd3AtY29udGVudFwvdXBsb2Fkc1wvMjAyNVwvMDZcL2Vrb2xhbl93aWxsYV9yZWRsb3dvXzAwMl80NTcwLmpwZyIsInNsaWRlc2hvdyI6ImIyNjBiMjEifQ%3D%3D\" href=\"https:\/\/art-architekci.pl\/wp-content\/uploads\/2025\/06\/ekolan_willa_redlowo_002_4570.jpg\"><figure class=\"swiper-slide-inner\"><img decoding=\"async\" class=\"swiper-slide-image\" src=\"https:\/\/art-architekci.pl\/wp-content\/uploads\/2025\/06\/ekolan_willa_redlowo_002_4570-1024x683.jpg\" alt=\"photos: Katarzyna Seliga-Wr\u00f3blewska, Marcin Wr\u00f3blewski \/ Fotomohito\rclient: Ekolan\" \/><\/figure><\/a><\/div><div class=\"swiper-slide\"><a data-elementor-open-lightbox=\"yes\" data-elementor-lightbox-slideshow=\"b260b21\" data-elementor-lightbox-title=\"Willa Red\u0142owska\" data-e-action-hash=\"#elementor-action%3Aaction%3Dlightbox%26settings%3DeyJpZCI6MjkyMDcsInVybCI6Imh0dHBzOlwvXC9hcnQtYXJjaGl0ZWtjaS5wbFwvd3AtY29udGVudFwvdXBsb2Fkc1wvMjAyNVwvMDZcL2Vrb2xhbl93aWxsYV9yZWRsb3dvXzAxM180NjMwLmpwZyIsInNsaWRlc2hvdyI6ImIyNjBiMjEifQ%3D%3D\" href=\"https:\/\/art-architekci.pl\/wp-content\/uploads\/2025\/06\/ekolan_willa_redlowo_013_4630.jpg\"><figure class=\"swiper-slide-inner\"><img decoding=\"async\" class=\"swiper-slide-image\" src=\"https:\/\/art-architekci.pl\/wp-content\/uploads\/2025\/06\/ekolan_willa_redlowo_013_4630-1024x683.jpg\" alt=\"photos: Katarzyna Seliga-Wr\u00f3blewska, Marcin Wr\u00f3blewski \/ Fotomohito\rclient: Ekolan\" \/><\/figure><\/a><\/div><div class=\"swiper-slide\"><a data-elementor-open-lightbox=\"yes\" data-elementor-lightbox-slideshow=\"b260b21\" data-elementor-lightbox-title=\"Willa Red\u0142owska\" data-e-action-hash=\"#elementor-action%3Aaction%3Dlightbox%26settings%3DeyJpZCI6MjkyMDgsInVybCI6Imh0dHBzOlwvXC9hcnQtYXJjaGl0ZWtjaS5wbFwvd3AtY29udGVudFwvdXBsb2Fkc1wvMjAyNVwvMDZcL2Vrb2xhbl93aWxsYV9yZWRsb3dvXzAxNV8wMTk4LmpwZyIsInNsaWRlc2hvdyI6ImIyNjBiMjEifQ%3D%3D\" href=\"https:\/\/art-architekci.pl\/wp-content\/uploads\/2025\/06\/ekolan_willa_redlowo_015_0198.jpg\"><figure class=\"swiper-slide-inner\"><img decoding=\"async\" class=\"swiper-slide-image\" src=\"https:\/\/art-architekci.pl\/wp-content\/uploads\/2025\/06\/ekolan_willa_redlowo_015_0198-1024x682.jpg\" alt=\"photos: Katarzyna Seliga-Wr\u00f3blewska, Marcin Wr\u00f3blewski \/ Fotomohito\rclient: Ekolan\" \/><\/figure><\/a><\/div><div class=\"swiper-slide\"><a data-elementor-open-lightbox=\"yes\" data-elementor-lightbox-slideshow=\"b260b21\" data-elementor-lightbox-title=\"1\" data-e-action-hash=\"#elementor-action%3Aaction%3Dlightbox%26settings%3DeyJpZCI6MjYzNzUsInVybCI6Imh0dHBzOlwvXC9hcnQtYXJjaGl0ZWtjaS5wbFwvd3AtY29udGVudFwvdXBsb2Fkc1wvMjAyMlwvMDlcL3JlMzEzX3VsaWNhXzEyODAtZTE2NjUzOTYyOTY4OTMuanBnIiwic2xpZGVzaG93IjoiYjI2MGIyMSJ9\" href=\"https:\/\/art-architekci.pl\/wp-content\/uploads\/2022\/09\/re313_ulica_1280-e1665396296893.jpg\"><figure class=\"swiper-slide-inner\"><img decoding=\"async\" class=\"swiper-slide-image\" src=\"https:\/\/art-architekci.pl\/wp-content\/uploads\/2022\/09\/re313_ulica_1280-e1665396194523-1024x732.jpg\" alt=\"1\" \/><\/figure><\/a><\/div><div class=\"swiper-slide\"><a data-elementor-open-lightbox=\"yes\" data-elementor-lightbox-slideshow=\"b260b21\" data-elementor-lightbox-title=\"2\" data-e-action-hash=\"#elementor-action%3Aaction%3Dlightbox%26settings%3DeyJpZCI6MjYzNzQsInVybCI6Imh0dHBzOlwvXC9hcnQtYXJjaGl0ZWtjaS5wbFwvd3AtY29udGVudFwvdXBsb2Fkc1wvMjAyMlwvMDlcL3JlMzEyX3dlanNjaWVfYzNfMTI4MC1lMTY2NTM5NjUyNjUyNy5qcGciLCJzbGlkZXNob3ciOiJiMjYwYjIxIn0%3D\" href=\"https:\/\/art-architekci.pl\/wp-content\/uploads\/2022\/09\/re312_wejscie_c3_1280-e1665396526527.jpg\"><figure class=\"swiper-slide-inner\"><img decoding=\"async\" class=\"swiper-slide-image\" src=\"https:\/\/art-architekci.pl\/wp-content\/uploads\/2022\/09\/re312_wejscie_c3_1280-e1665396446306-1024x849.jpg\" alt=\"2\" \/><\/figure><\/a><\/div><div class=\"swiper-slide\"><a data-elementor-open-lightbox=\"yes\" data-elementor-lightbox-slideshow=\"b260b21\" data-elementor-lightbox-title=\"3\" data-e-action-hash=\"#elementor-action%3Aaction%3Dlightbox%26settings%3DeyJpZCI6MjYzNzMsInVybCI6Imh0dHBzOlwvXC9hcnQtYXJjaGl0ZWtjaS5wbFwvd3AtY29udGVudFwvdXBsb2Fkc1wvMjAyMlwvMDlcL3JlMzEyX3dlanNjaWVfYzFfMTI4MC1lMTY2NTM5Njg5MDY1NC5qcGciLCJzbGlkZXNob3ciOiJiMjYwYjIxIn0%3D\" href=\"https:\/\/art-architekci.pl\/wp-content\/uploads\/2022\/09\/re312_wejscie_c1_1280-e1665396890654.jpg\"><figure class=\"swiper-slide-inner\"><img decoding=\"async\" class=\"swiper-slide-image\" src=\"https:\/\/art-architekci.pl\/wp-content\/uploads\/2022\/09\/re312_wejscie_c1_1280-1024x714.jpg\" alt=\"3\" \/><\/figure><\/a><\/div><div class=\"swiper-slide\"><a data-elementor-open-lightbox=\"yes\" data-elementor-lightbox-slideshow=\"b260b21\" data-elementor-lightbox-title=\"4\" data-e-action-hash=\"#elementor-action%3Aaction%3Dlightbox%26settings%3DeyJpZCI6MjYzNzIsInVybCI6Imh0dHBzOlwvXC9hcnQtYXJjaGl0ZWtjaS5wbFwvd3AtY29udGVudFwvdXBsb2Fkc1wvMjAyMlwvMDlcL3JlMzEyX3dlanNjaWVfMTI4MC1lMTY2NTM5NzA0OTYyOS5qcGciLCJzbGlkZXNob3ciOiJiMjYwYjIxIn0%3D\" href=\"https:\/\/art-architekci.pl\/wp-content\/uploads\/2022\/09\/re312_wejscie_1280-e1665397049629.jpg\"><figure class=\"swiper-slide-inner\"><img decoding=\"async\" class=\"swiper-slide-image\" src=\"https:\/\/art-architekci.pl\/wp-content\/uploads\/2022\/09\/re312_wejscie_1280-1024x768.jpg\" alt=\"4\" \/><\/figure><\/a><\/div><div class=\"swiper-slide\"><a data-elementor-open-lightbox=\"yes\" data-elementor-lightbox-slideshow=\"b260b21\" data-elementor-lightbox-title=\"5\" data-e-action-hash=\"#elementor-action%3Aaction%3Dlightbox%26settings%3DeyJpZCI6MjYzNjksInVybCI6Imh0dHBzOlwvXC9hcnQtYXJjaGl0ZWtjaS5wbFwvd3AtY29udGVudFwvdXBsb2Fkc1wvMjAyMlwvMDlcL3JlMzExX2xvdF8xMjgwLWUxNjY1Mzk3Mzg2OTU1LmpwZyIsInNsaWRlc2hvdyI6ImIyNjBiMjEifQ%3D%3D\" href=\"https:\/\/art-architekci.pl\/wp-content\/uploads\/2022\/09\/re311_lot_1280-e1665397386955.jpg\"><figure class=\"swiper-slide-inner\"><img decoding=\"async\" class=\"swiper-slide-image\" src=\"https:\/\/art-architekci.pl\/wp-content\/uploads\/2022\/09\/re311_lot_1280-1024x768.jpg\" alt=\"5\" \/><\/figure><\/a><\/div>\t\t\t<\/div>\n\t\t\t\t\t\t\t\t\t\t\t\t<div class=\"swiper-pagination\"><\/div>\n\t\t\t\t\t\t\t\t\t\t\t\t\t<div class=\"elementor-swiper-button elementor-swiper-button-prev\" role=\"button\" tabindex=\"0\">\n\t\t\t\t\t\t<i aria-hidden=\"true\" class=\"eicon-chevron-left\"><\/i>\t\t\t\t\t\t<span class=\"elementor-screen-only\">Previous image<\/span>\n\t\t\t\t\t<\/div>\n\t\t\t\t\t<div class=\"elementor-swiper-button elementor-swiper-button-next\" role=\"button\" tabindex=\"0\">\n\t\t\t\t\t\t<i aria-hidden=\"true\" class=\"eicon-chevron-right\"><\/i>\t\t\t\t\t\t<span class=\"elementor-screen-only\">Next image<\/span>\n\t\t\t\t\t<\/div>\n\t\t\t\t\t\t\t\t\t<\/div>\n\t\t\t\t<\/div>\n\t\t\t\t<\/div>\n\t\t\t\t\t<\/div>\n\t\t<\/div>\n\t\t\t\t\t\t\t<\/div>\n\t\t<\/section>\n\t\t\t\t<section class=\"elementor-section elementor-top-section elementor-element elementor-element-8099557 elementor-section-boxed elementor-section-height-default elementor-section-height-default\" data-id=\"8099557\" data-element_type=\"section\">\n\t\t\t\t\t\t<div class=\"elementor-container elementor-column-gap-default\">\n\t\t\t\t\t<div class=\"elementor-column elementor-col-100 elementor-top-column elementor-element elementor-element-9ce9f42\" data-id=\"9ce9f42\" data-element_type=\"column\">\n\t\t\t<div class=\"elementor-widget-wrap elementor-element-populated\">\n\t\t\t\t\t\t\t\t<div class=\"elementor-element elementor-element-3103a92 elementor-widget elementor-widget-text-editor\" data-id=\"3103a92\" data-element_type=\"widget\" data-widget_type=\"text-editor.default\">\n\t\t\t\t<div class=\"elementor-widget-container\">\n\t\t\t\t\t\t\t<p>\u00a0 \u00a0 \u00a0<\/p>\t\t\t\t\t\t<\/div>\n\t\t\t\t<\/div>\n\t\t\t\t\t<\/div>\n\t\t<\/div>\n\t\t\t\t\t\t\t<\/div>\n\t\t<\/section>\n\t\t\t\t\t\t\t<\/div>\n\t\t","protected":false},"excerpt":{"rendered":"<p>WILLA RED\u0141OWO Kategoria BUDYNEK MIESZKALNO-US\u0141UGOWY Projekt 2019-2020 Realizacja 2021-2022 Oddanie do u\u017cytkowania 2022 Lokalizacja ul. Powstania Styczniowego w Gdyni Inwestor Ekolan S.A. Liczba mieszka\u0144 20 Powierzchnia Powierzchnia dzia\u0142ki: 0,14 haPowierzchnia u\u017cytkowa mieszka\u0144: 818 m\u00b2Powierzchnia lokali us\u0142ugowych: 254 m\u00b2 \u00a0 Previous image Next image \u00a0 \u00a0 \u00a0<\/p>\n","protected":false},"author":6,"featured_media":0,"parent":0,"menu_order":0,"comment_status":"closed","ping_status":"closed","template":"","meta":{"om_disable_all_campaigns":false,"_mi_skip_tracking":false,"footnotes":""},"class_list":["post-27136","page","type-page","status-publish","hentry","entry"],"aioseo_notices":[],"_links":{"self":[{"href":"https:\/\/art-architekci.pl\/index.php?rest_route=\/wp\/v2\/pages\/27136","targetHints":{"allow":["GET"]}}],"collection":[{"href":"https:\/\/art-architekci.pl\/index.php?rest_route=\/wp\/v2\/pages"}],"about":[{"href":"https:\/\/art-architekci.pl\/index.php?rest_route=\/wp\/v2\/types\/page"}],"author":[{"embeddable":true,"href":"https:\/\/art-architekci.pl\/index.php?rest_route=\/wp\/v2\/users\/6"}],"replies":[{"embeddable":true,"href":"https:\/\/art-architekci.pl\/index.php?rest_route=%2Fwp%2Fv2%2Fcomments&post=27136"}],"version-history":[{"count":54,"href":"https:\/\/art-architekci.pl\/index.php?rest_route=\/wp\/v2\/pages\/27136\/revisions"}],"predecessor-version":[{"id":29211,"href":"https:\/\/art-architekci.pl\/index.php?rest_route=\/wp\/v2\/pages\/27136\/revisions\/29211"}],"wp:attachment":[{"href":"https:\/\/art-architekci.pl\/index.php?rest_route=%2Fwp%2Fv2%2Fmedia&parent=27136"}],"curies":[{"name":"wp","href":"https:\/\/api.w.org\/{rel}","templated":true}]}}