{"id":27320,"date":"2022-09-28T14:38:10","date_gmt":"2022-09-28T12:38:10","guid":{"rendered":"https:\/\/art-architekci.home.pl\/autoinstalator\/wordpress1\/?page_id=27320"},"modified":"2022-10-13T11:15:10","modified_gmt":"2022-10-13T09:15:10","slug":"dom-na-kupaly","status":"publish","type":"page","link":"https:\/\/art-architekci.pl\/?page_id=27320","title":{"rendered":"DOM NA KUPA\u0141Y"},"content":{"rendered":"\t\t<div data-elementor-type=\"wp-page\" data-elementor-id=\"27320\" class=\"elementor elementor-27320\">\n\t\t\t\t\t\t\t\t\t<section class=\"elementor-section elementor-top-section elementor-element elementor-element-30c0715 elementor-section-boxed elementor-section-height-default elementor-section-height-default\" data-id=\"30c0715\" data-element_type=\"section\">\n\t\t\t\t\t\t<div class=\"elementor-container elementor-column-gap-default\">\n\t\t\t\t\t<div class=\"elementor-column elementor-col-33 elementor-top-column elementor-element elementor-element-77cd5d6\" data-id=\"77cd5d6\" data-element_type=\"column\">\n\t\t\t<div class=\"elementor-widget-wrap elementor-element-populated\">\n\t\t\t\t\t\t\t\t<div class=\"elementor-element elementor-element-137c186 animated-slow elementor-invisible elementor-widget elementor-widget-heading\" data-id=\"137c186\" data-element_type=\"widget\" data-settings=\"{&quot;_animation&quot;:&quot;fadeInRight&quot;,&quot;_animation_delay&quot;:100}\" data-widget_type=\"heading.default\">\n\t\t\t\t<div class=\"elementor-widget-container\">\n\t\t\t<style>\/*! elementor - v3.13.2 - 11-05-2023 *\/\n.elementor-heading-title{padding:0;margin:0;line-height:1}.elementor-widget-heading .elementor-heading-title[class*=elementor-size-]>a{color:inherit;font-size:inherit;line-height:inherit}.elementor-widget-heading .elementor-heading-title.elementor-size-small{font-size:15px}.elementor-widget-heading .elementor-heading-title.elementor-size-medium{font-size:19px}.elementor-widget-heading .elementor-heading-title.elementor-size-large{font-size:29px}.elementor-widget-heading .elementor-heading-title.elementor-size-xl{font-size:39px}.elementor-widget-heading .elementor-heading-title.elementor-size-xxl{font-size:59px}<\/style><h2 class=\"elementor-heading-title elementor-size-default\">DOM NA KUPA\u0141Y<\/h2>\t\t<\/div>\n\t\t\t\t<\/div>\n\t\t\t\t<div class=\"elementor-element elementor-element-0a5a8d2 elementor-widget elementor-widget-text-editor\" data-id=\"0a5a8d2\" data-element_type=\"widget\" data-widget_type=\"text-editor.default\">\n\t\t\t\t<div class=\"elementor-widget-container\">\n\t\t\t<style>\/*! elementor - v3.13.2 - 11-05-2023 *\/\n.elementor-widget-text-editor.elementor-drop-cap-view-stacked .elementor-drop-cap{background-color:#69727d;color:#fff}.elementor-widget-text-editor.elementor-drop-cap-view-framed .elementor-drop-cap{color:#69727d;border:3px solid;background-color:transparent}.elementor-widget-text-editor:not(.elementor-drop-cap-view-default) .elementor-drop-cap{margin-top:8px}.elementor-widget-text-editor:not(.elementor-drop-cap-view-default) .elementor-drop-cap-letter{width:1em;height:1em}.elementor-widget-text-editor .elementor-drop-cap{float:left;text-align:center;line-height:1;font-size:50px}.elementor-widget-text-editor .elementor-drop-cap-letter{display:inline-block}<\/style>\t\t\t\t<p>Kategoria<\/p>\t\t\t\t\t\t<\/div>\n\t\t\t\t<\/div>\n\t\t\t\t<div class=\"elementor-element elementor-element-5dcce1b elementor-widget elementor-widget-text-editor\" data-id=\"5dcce1b\" data-element_type=\"widget\" data-widget_type=\"text-editor.default\">\n\t\t\t\t<div class=\"elementor-widget-container\">\n\t\t\t\t\t\t\t<p>DOM JEDNORODZINNY<\/p>\t\t\t\t\t\t<\/div>\n\t\t\t\t<\/div>\n\t\t\t\t<div class=\"elementor-element elementor-element-f956547 elementor-widget elementor-widget-text-editor\" data-id=\"f956547\" data-element_type=\"widget\" data-widget_type=\"text-editor.default\">\n\t\t\t\t<div class=\"elementor-widget-container\">\n\t\t\t\t\t\t\t<p>Projekt<\/p>\t\t\t\t\t\t<\/div>\n\t\t\t\t<\/div>\n\t\t\t\t<div class=\"elementor-element elementor-element-15406be elementor-widget elementor-widget-text-editor\" data-id=\"15406be\" data-element_type=\"widget\" data-widget_type=\"text-editor.default\">\n\t\t\t\t<div class=\"elementor-widget-container\">\n\t\t\t\t\t\t\t<p>2013-2014<\/p>\t\t\t\t\t\t<\/div>\n\t\t\t\t<\/div>\n\t\t\t\t<div class=\"elementor-element elementor-element-4e3eea2 elementor-widget elementor-widget-text-editor\" data-id=\"4e3eea2\" data-element_type=\"widget\" data-widget_type=\"text-editor.default\">\n\t\t\t\t<div class=\"elementor-widget-container\">\n\t\t\t\t\t\t\t<p>Realizacja<\/p>\t\t\t\t\t\t<\/div>\n\t\t\t\t<\/div>\n\t\t\t\t<div class=\"elementor-element elementor-element-074aefd elementor-widget elementor-widget-text-editor\" data-id=\"074aefd\" data-element_type=\"widget\" data-widget_type=\"text-editor.default\">\n\t\t\t\t<div class=\"elementor-widget-container\">\n\t\t\t\t\t\t\t<p>2015-2021<\/p>\t\t\t\t\t\t<\/div>\n\t\t\t\t<\/div>\n\t\t\t\t<div class=\"elementor-element elementor-element-aa3945a elementor-widget elementor-widget-text-editor\" data-id=\"aa3945a\" data-element_type=\"widget\" data-widget_type=\"text-editor.default\">\n\t\t\t\t<div class=\"elementor-widget-container\">\n\t\t\t\t\t\t\t<p>Lokalizacja<\/p>\t\t\t\t\t\t<\/div>\n\t\t\t\t<\/div>\n\t\t\t\t<div class=\"elementor-element elementor-element-adf066b elementor-widget elementor-widget-text-editor\" data-id=\"adf066b\" data-element_type=\"widget\" data-widget_type=\"text-editor.default\">\n\t\t\t\t<div class=\"elementor-widget-container\">\n\t\t\t\t\t\t\t<p>ul. Kupa\u0142y w Gda\u0144sku<\/p>\t\t\t\t\t\t<\/div>\n\t\t\t\t<\/div>\n\t\t\t\t<div class=\"elementor-element elementor-element-66a3142 elementor-widget elementor-widget-text-editor\" data-id=\"66a3142\" data-element_type=\"widget\" data-widget_type=\"text-editor.default\">\n\t\t\t\t<div class=\"elementor-widget-container\">\n\t\t\t\t\t\t\t<p>Powierzchnia<\/p>\t\t\t\t\t\t<\/div>\n\t\t\t\t<\/div>\n\t\t\t\t<div class=\"elementor-element elementor-element-72293d0 elementor-widget elementor-widget-text-editor\" data-id=\"72293d0\" data-element_type=\"widget\" data-widget_type=\"text-editor.default\">\n\t\t\t\t<div class=\"elementor-widget-container\">\n\t\t\t\t\t\t\t<p>Powierzchnia u\u017cytkowa: 240 m\u00b2<br \/><br \/><\/p>\t\t\t\t\t\t<\/div>\n\t\t\t\t<\/div>\n\t\t\t\t\t<\/div>\n\t\t<\/div>\n\t\t\t\t<div class=\"elementor-column elementor-col-66 elementor-top-column elementor-element elementor-element-b3547cd\" data-id=\"b3547cd\" data-element_type=\"column\">\n\t\t\t<div class=\"elementor-widget-wrap elementor-element-populated\">\n\t\t\t\t\t\t\t\t<div class=\"elementor-element elementor-element-b260b21 elementor-arrows-position-outside elementor-pagination-position-outside elementor-widget elementor-widget-image-carousel\" data-id=\"b260b21\" data-element_type=\"widget\" data-settings=\"{&quot;slides_to_show&quot;:&quot;1&quot;,&quot;autoplay_speed&quot;:4000,&quot;speed&quot;:1000,&quot;navigation&quot;:&quot;both&quot;,&quot;autoplay&quot;:&quot;yes&quot;,&quot;pause_on_hover&quot;:&quot;yes&quot;,&quot;pause_on_interaction&quot;:&quot;yes&quot;,&quot;infinite&quot;:&quot;yes&quot;,&quot;effect&quot;:&quot;slide&quot;}\" data-widget_type=\"image-carousel.default\">\n\t\t\t\t<div class=\"elementor-widget-container\">\n\t\t\t<style>\/*! elementor - v3.13.2 - 11-05-2023 *\/\n.elementor-widget-image-carousel .swiper,.elementor-widget-image-carousel .swiper-container{position:static}.elementor-widget-image-carousel .swiper-container .swiper-slide figure,.elementor-widget-image-carousel .swiper .swiper-slide figure{line-height:inherit}.elementor-widget-image-carousel .swiper-slide{text-align:center}.elementor-image-carousel-wrapper:not(.swiper-container-initialized):not(.swiper-initialized) .swiper-slide{max-width:calc(100% \/ var(--e-image-carousel-slides-to-show, 3))}<\/style>\t\t<div class=\"elementor-image-carousel-wrapper swiper-container\" dir=\"ltr\">\n\t\t\t<div class=\"elementor-image-carousel swiper-wrapper\">\n\t\t\t\t\t\t\t\t<div class=\"swiper-slide\"><a data-elementor-open-lightbox=\"yes\" data-elementor-lightbox-slideshow=\"b260b21\" data-elementor-lightbox-title=\"20201115_110750 - Kopia\" data-e-action-hash=\"#elementor-action%3Aaction%3Dlightbox%26settings%3DeyJpZCI6Mjg4NTIsInVybCI6Imh0dHBzOlwvXC9hcnQtYXJjaGl0ZWtjaS5wbFwvd3AtY29udGVudFwvdXBsb2Fkc1wvMjAyMlwvMTBcLzIwMjAxMTE1XzExMDc1MC1Lb3BpYS1zY2FsZWQuanBnIiwic2xpZGVzaG93IjoiYjI2MGIyMSJ9\" href=\"https:\/\/art-architekci.pl\/wp-content\/uploads\/2022\/10\/20201115_110750-Kopia-scaled.jpg\"><figure class=\"swiper-slide-inner\"><img decoding=\"async\" class=\"swiper-slide-image\" src=\"https:\/\/art-architekci.pl\/wp-content\/uploads\/2022\/10\/20201115_110750-Kopia-2048x1574.jpg\" alt=\"20201115_110750 - Kopia\" \/><\/figure><\/a><\/div><div class=\"swiper-slide\"><a data-elementor-open-lightbox=\"yes\" data-elementor-lightbox-slideshow=\"b260b21\" data-elementor-lightbox-title=\"IMG_20220424_144246\" data-e-action-hash=\"#elementor-action%3Aaction%3Dlightbox%26settings%3DeyJpZCI6Mjg4MzksInVybCI6Imh0dHBzOlwvXC9hcnQtYXJjaGl0ZWtjaS5wbFwvd3AtY29udGVudFwvdXBsb2Fkc1wvMjAyMlwvMTBcL0lNR18yMDIyMDQyNF8xNDQyNDYtc2NhbGVkLmpwZyIsInNsaWRlc2hvdyI6ImIyNjBiMjEifQ%3D%3D\" href=\"https:\/\/art-architekci.pl\/wp-content\/uploads\/2022\/10\/IMG_20220424_144246-scaled.jpg\"><figure class=\"swiper-slide-inner\"><img decoding=\"async\" class=\"swiper-slide-image\" src=\"https:\/\/art-architekci.pl\/wp-content\/uploads\/2022\/10\/IMG_20220424_144246-2048x1536.jpg\" alt=\"IMG_20220424_144246\" \/><\/figure><\/a><\/div><div class=\"swiper-slide\"><a data-elementor-open-lightbox=\"yes\" data-elementor-lightbox-slideshow=\"b260b21\" data-elementor-lightbox-title=\"IMG_20221010_112157\" data-e-action-hash=\"#elementor-action%3Aaction%3Dlightbox%26settings%3DeyJpZCI6Mjg2NjAsInVybCI6Imh0dHBzOlwvXC9hcnQtYXJjaGl0ZWtjaS5wbFwvd3AtY29udGVudFwvdXBsb2Fkc1wvMjAyMlwvMTBcL0lNR18yMDIyMTAxMF8xMTIxNTctc2NhbGVkLWUxNjY1NDkyMjIxODgxLmpwZyIsInNsaWRlc2hvdyI6ImIyNjBiMjEifQ%3D%3D\" href=\"https:\/\/art-architekci.pl\/wp-content\/uploads\/2022\/10\/IMG_20221010_112157-scaled-e1665492221881.jpg\"><figure class=\"swiper-slide-inner\"><img decoding=\"async\" class=\"swiper-slide-image\" src=\"https:\/\/art-architekci.pl\/wp-content\/uploads\/2022\/10\/IMG_20221010_112157-scaled-e1665492221881-2048x1142.jpg\" alt=\"IMG_20221010_112157\" \/><\/figure><\/a><\/div><div class=\"swiper-slide\"><a data-elementor-open-lightbox=\"yes\" data-elementor-lightbox-slideshow=\"b260b21\" data-elementor-lightbox-title=\"160\" data-e-action-hash=\"#elementor-action%3Aaction%3Dlightbox%26settings%3DeyJpZCI6MjY1NTMsInVybCI6Imh0dHBzOlwvXC9hcnQtYXJjaGl0ZWtjaS5wbFwvd3AtY29udGVudFwvdXBsb2Fkc1wvMjAyMlwvMDlcLzIwMjAxMTE0XzE0MTgxOC1zY2FsZWQtZTE2NjU0OTI4Njg5MjAuanBnIiwic2xpZGVzaG93IjoiYjI2MGIyMSJ9\" href=\"https:\/\/art-architekci.pl\/wp-content\/uploads\/2022\/09\/20201114_141818-scaled-e1665492868920.jpg\"><figure class=\"swiper-slide-inner\"><img decoding=\"async\" class=\"swiper-slide-image\" src=\"https:\/\/art-architekci.pl\/wp-content\/uploads\/2022\/09\/20201114_141818-scaled-e1665492868920-2048x1142.jpg\" alt=\"160\" \/><\/figure><\/a><\/div><div class=\"swiper-slide\"><a data-elementor-open-lightbox=\"yes\" data-elementor-lightbox-slideshow=\"b260b21\" data-elementor-lightbox-title=\"159\" data-e-action-hash=\"#elementor-action%3Aaction%3Dlightbox%26settings%3DeyJpZCI6MjY1NTUsInVybCI6Imh0dHBzOlwvXC9hcnQtYXJjaGl0ZWtjaS5wbFwvd3AtY29udGVudFwvdXBsb2Fkc1wvMjAyMlwvMDlcLzIwMTkxMDIzXzEwMzcwMS1zY2FsZWQuanBnIiwic2xpZGVzaG93IjoiYjI2MGIyMSJ9\" href=\"https:\/\/art-architekci.pl\/wp-content\/uploads\/2022\/09\/20191023_103701-scaled.jpg\"><figure class=\"swiper-slide-inner\"><img decoding=\"async\" class=\"swiper-slide-image\" src=\"https:\/\/art-architekci.pl\/wp-content\/uploads\/2022\/09\/20191023_103701-2048x996.jpg\" alt=\"159\" \/><\/figure><\/a><\/div><div class=\"swiper-slide\"><a data-elementor-open-lightbox=\"yes\" data-elementor-lightbox-slideshow=\"b260b21\" data-elementor-lightbox-title=\"20200503_141006\" data-e-action-hash=\"#elementor-action%3Aaction%3Dlightbox%26settings%3DeyJpZCI6MjY1NTcsInVybCI6Imh0dHBzOlwvXC9hcnQtYXJjaGl0ZWtjaS5wbFwvd3AtY29udGVudFwvdXBsb2Fkc1wvMjAyMlwvMDlcLzIwMjAwNTAzXzE0MTAwNi1zY2FsZWQuanBnIiwic2xpZGVzaG93IjoiYjI2MGIyMSJ9\" href=\"https:\/\/art-architekci.pl\/wp-content\/uploads\/2022\/09\/20200503_141006-scaled.jpg\"><figure class=\"swiper-slide-inner\"><img decoding=\"async\" class=\"swiper-slide-image\" src=\"https:\/\/art-architekci.pl\/wp-content\/uploads\/2022\/09\/20200503_141006-2048x996.jpg\" alt=\"20200503_141006\" \/><\/figure><\/a><\/div>\t\t\t<\/div>\n\t\t\t\t\t\t\t\t\t\t\t\t<div class=\"swiper-pagination\"><\/div>\n\t\t\t\t\t\t\t\t\t\t\t\t\t<div class=\"elementor-swiper-button elementor-swiper-button-prev\" role=\"button\" tabindex=\"0\">\n\t\t\t\t\t\t<i aria-hidden=\"true\" class=\"eicon-chevron-left\"><\/i>\t\t\t\t\t\t<span class=\"elementor-screen-only\">Previous image<\/span>\n\t\t\t\t\t<\/div>\n\t\t\t\t\t<div class=\"elementor-swiper-button elementor-swiper-button-next\" role=\"button\" tabindex=\"0\">\n\t\t\t\t\t\t<i aria-hidden=\"true\" class=\"eicon-chevron-right\"><\/i>\t\t\t\t\t\t<span class=\"elementor-screen-only\">Next image<\/span>\n\t\t\t\t\t<\/div>\n\t\t\t\t\t\t\t\t\t<\/div>\n\t\t\t\t<\/div>\n\t\t\t\t<\/div>\n\t\t\t\t\t<\/div>\n\t\t<\/div>\n\t\t\t\t\t\t\t<\/div>\n\t\t<\/section>\n\t\t\t\t<section class=\"elementor-section elementor-top-section elementor-element elementor-element-8099557 elementor-section-boxed elementor-section-height-default elementor-section-height-default\" data-id=\"8099557\" data-element_type=\"section\">\n\t\t\t\t\t\t<div class=\"elementor-container elementor-column-gap-default\">\n\t\t\t\t\t<div class=\"elementor-column elementor-col-100 elementor-top-column elementor-element elementor-element-9ce9f42\" data-id=\"9ce9f42\" data-element_type=\"column\">\n\t\t\t<div class=\"elementor-widget-wrap elementor-element-populated\">\n\t\t\t\t\t\t\t\t<div class=\"elementor-element elementor-element-3103a92 elementor-widget elementor-widget-text-editor\" data-id=\"3103a92\" data-element_type=\"widget\" data-widget_type=\"text-editor.default\">\n\t\t\t\t<div class=\"elementor-widget-container\">\n\t\t\t\t\t\t\t<p>\u00a0 \u00a0 \u00a0<\/p>\t\t\t\t\t\t<\/div>\n\t\t\t\t<\/div>\n\t\t\t\t\t<\/div>\n\t\t<\/div>\n\t\t\t\t\t\t\t<\/div>\n\t\t<\/section>\n\t\t\t\t\t\t\t<\/div>\n\t\t","protected":false},"excerpt":{"rendered":"<p>DOM NA KUPA\u0141Y Kategoria DOM JEDNORODZINNY Projekt 2013-2014 Realizacja 2015-2021 Lokalizacja ul. Kupa\u0142y w Gda\u0144sku Powierzchnia Powierzchnia u\u017cytkowa: 240 m? Poprzednie Nast\u0119pne \u00a0 \u00a0 \u00a0<\/p>\n","protected":false},"author":6,"featured_media":0,"parent":0,"menu_order":0,"comment_status":"closed","ping_status":"closed","template":"","meta":{"om_disable_all_campaigns":false,"_mi_skip_tracking":false,"footnotes":""},"class_list":["post-27320","page","type-page","status-publish","hentry","entry"],"aioseo_notices":[],"_links":{"self":[{"href":"https:\/\/art-architekci.pl\/index.php?rest_route=\/wp\/v2\/pages\/27320","targetHints":{"allow":["GET"]}}],"collection":[{"href":"https:\/\/art-architekci.pl\/index.php?rest_route=\/wp\/v2\/pages"}],"about":[{"href":"https:\/\/art-architekci.pl\/index.php?rest_route=\/wp\/v2\/types\/page"}],"author":[{"embeddable":true,"href":"https:\/\/art-architekci.pl\/index.php?rest_route=\/wp\/v2\/users\/6"}],"replies":[{"embeddable":true,"href":"https:\/\/art-architekci.pl\/index.php?rest_route=%2Fwp%2Fv2%2Fcomments&post=27320"}],"version-history":[{"count":18,"href":"https:\/\/art-architekci.pl\/index.php?rest_route=\/wp\/v2\/pages\/27320\/revisions"}],"predecessor-version":[{"id":28855,"href":"https:\/\/art-architekci.pl\/index.php?rest_route=\/wp\/v2\/pages\/27320\/revisions\/28855"}],"wp:attachment":[{"href":"https:\/\/art-architekci.pl\/index.php?rest_route=%2Fwp%2Fv2%2Fmedia&parent=27320"}],"curies":[{"name":"wp","href":"https:\/\/api.w.org\/{rel}","templated":true}]}}